{"id":2,"date":"2024-08-24T17:37:54","date_gmt":"2024-08-24T15:37:54","guid":{"rendered":"https:\/\/sesaepco.afrimvoe.net\/?page_id=2"},"modified":"2025-10-20T03:29:28","modified_gmt":"2025-10-20T01:29:28","slug":"a-propos","status":"publish","type":"page","link":"https:\/\/sesaepco.afrimvoe.net\/index.php\/a-propos\/","title":{"rendered":"A Propos"},"content":{"rendered":"\n<p><strong>Notre Mission<\/strong><br>Le Secr\u00e9tariat \u00e0 la Sant\u00e9 (SESA) de l\u2019\u00c9glise Presbyt\u00e9rienne Camerounaise Orthodoxe (EPCO) a pour mission de fournir des soins de sant\u00e9 accessibles et de qualit\u00e9, en soutien \u00e0 l\u2019\u00e9vang\u00e9lisation et au service des communaut\u00e9s les plus vuln\u00e9rables. Inspir\u00e9 par l\u2019exemple des premiers missionnaires, le SESA int\u00e8gre la sant\u00e9 comme levier essentiel de d\u00e9veloppement et de rayonnement de l\u2019\u00c9glise.<\/p>\n\n\n\n<p><strong>Notre Vision<\/strong><br>Devenir un acteur incontournable de la sant\u00e9 au Cameroun en combinant innovation m\u00e9dicale, formation et engagement communautaire, pour des populations en meilleure sant\u00e9 et autonomes.<\/p>\n\n\n\n<p><strong>Nos Valeurs<\/strong><\/p>\n\n\n\n<ul class=\"wp-block-list\">\n<li>Foi et compassion<\/li>\n\n\n\n<li>Excellence m\u00e9dicale<\/li>\n\n\n\n<li>Solidarit\u00e9<\/li>\n\n\n\n<li>Innovation et adaptation<\/li>\n<\/ul>\n\n\n\n<p><strong>Notre Devise<\/strong><br><em>\u00ab \u00c9vang\u00e9liser par les soins de sant\u00e9 de qualit\u00e9 \u00bb<\/em><\/p>\n\n\n\n<p><\/p>\n","protected":false},"excerpt":{"rendered":"<p>Notre MissionLe Secr\u00e9tariat \u00e0 la Sant\u00e9 (SESA) de l\u2019\u00c9glise Presbyt\u00e9rienne Camerounaise Orthodoxe (EPCO) a pour mission de fournir des soins de sant\u00e9 accessibles et de qualit\u00e9, en soutien \u00e0 l\u2019\u00e9vang\u00e9lisation et au service des communaut\u00e9s les plus vuln\u00e9rables. Inspir\u00e9 par l\u2019exemple des premiers missionnaires, le SESA int\u00e8gre la sant\u00e9 comme levier essentiel de d\u00e9veloppement et [&hellip;]<\/p>\n","protected":false},"author":1,"featured_media":0,"parent":0,"menu_order":0,"comment_status":"closed","ping_status":"closed","template":"","meta":{"footnotes":""},"class_list":["post-2","page","type-page","status-publish","hentry"],"_links":{"self":[{"href":"https:\/\/sesaepco.afrimvoe.net\/index.php\/wp-json\/wp\/v2\/pages\/2","targetHints":{"allow":["GET"]}}],"collection":[{"href":"https:\/\/sesaepco.afrimvoe.net\/index.php\/wp-json\/wp\/v2\/pages"}],"about":[{"href":"https:\/\/sesaepco.afrimvoe.net\/index.php\/wp-json\/wp\/v2\/types\/page"}],"author":[{"embeddable":true,"href":"https:\/\/sesaepco.afrimvoe.net\/index.php\/wp-json\/wp\/v2\/users\/1"}],"replies":[{"embeddable":true,"href":"https:\/\/sesaepco.afrimvoe.net\/index.php\/wp-json\/wp\/v2\/comments?post=2"}],"version-history":[{"count":3,"href":"https:\/\/sesaepco.afrimvoe.net\/index.php\/wp-json\/wp\/v2\/pages\/2\/revisions"}],"predecessor-version":[{"id":165,"href":"https:\/\/sesaepco.afrimvoe.net\/index.php\/wp-json\/wp\/v2\/pages\/2\/revisions\/165"}],"wp:attachment":[{"href":"https:\/\/sesaepco.afrimvoe.net\/index.php\/wp-json\/wp\/v2\/media?parent=2"}],"curies":[{"name":"wp","href":"https:\/\/api.w.org\/{rel}","templated":true}]}}