{"id":41,"date":"2025-04-18T01:27:34","date_gmt":"2025-04-17T23:27:34","guid":{"rendered":"https:\/\/sesaepco.afrimvoe.net\/?page_id=41"},"modified":"2025-10-20T03:29:41","modified_gmt":"2025-10-20T01:29:41","slug":"notre-equipe","status":"publish","type":"page","link":"https:\/\/sesaepco.afrimvoe.net\/index.php\/notre-equipe\/","title":{"rendered":"Notre Equipe"},"content":{"rendered":"\n<p><strong>Ancien Nko\u2019o Amvene Samuel<\/strong><br><em>Secr\u00e9taire M\u00e9dical<\/em><br>M\u00e9decin et coordonnateur des actions du SESA\/EPCO. Membre statutaire du Conseil G\u00e9n\u00e9ral et du Conseil d\u2019Administration de l\u2019EPCO.<\/p>\n\n\n\n<p><strong>R\u00e9v\u00e9rend H\u00e9noch Ndongo Nna<\/strong><br><em>Assistant Secr\u00e9tariat M\u00e9dical<\/em><br>En charge de la coordination logistique et communautaire.<\/p>\n\n\n\n<p><strong>R\u00e9v\u00e9rend Belo Narcisse<\/strong><br><em>Conseiller Strat\u00e9gique<\/em><br>Appui \u00e0 la planification et au d\u00e9veloppement des partenariats.<\/p>\n\n\n\n<p><strong>Ancien Martin Ebene<\/strong><br><em>Coordinateur des B\u00e9n\u00e9voles<\/em><br>Gestion et formation des volontaires sur le terrain.<\/p>\n\n\n\n<p><strong>Partenaires<\/strong><\/p>\n\n\n\n<ul class=\"wp-block-list\">\n<li>Afrimvoe Medical Services<\/li>\n\n\n\n<li>Districts de sant\u00e9 locaux<\/li>\n\n\n\n<li>B\u00e9n\u00e9voles et donateurs<\/li>\n<\/ul>\n\n\n\n<p><\/p>\n","protected":false},"excerpt":{"rendered":"<p>Ancien Nko\u2019o Amvene SamuelSecr\u00e9taire M\u00e9dicalM\u00e9decin et coordonnateur des actions du SESA\/EPCO. Membre statutaire du Conseil G\u00e9n\u00e9ral et du Conseil d\u2019Administration de l\u2019EPCO. R\u00e9v\u00e9rend H\u00e9noch Ndongo NnaAssistant Secr\u00e9tariat M\u00e9dicalEn charge de la coordination logistique et communautaire. R\u00e9v\u00e9rend Belo NarcisseConseiller Strat\u00e9giqueAppui \u00e0 la planification et au d\u00e9veloppement des partenariats. Ancien Martin EbeneCoordinateur des B\u00e9n\u00e9volesGestion et formation des [&hellip;]<\/p>\n","protected":false},"author":1,"featured_media":0,"parent":0,"menu_order":0,"comment_status":"closed","ping_status":"closed","template":"","meta":{"footnotes":""},"class_list":["post-41","page","type-page","status-publish","hentry"],"_links":{"self":[{"href":"https:\/\/sesaepco.afrimvoe.net\/index.php\/wp-json\/wp\/v2\/pages\/41","targetHints":{"allow":["GET"]}}],"collection":[{"href":"https:\/\/sesaepco.afrimvoe.net\/index.php\/wp-json\/wp\/v2\/pages"}],"about":[{"href":"https:\/\/sesaepco.afrimvoe.net\/index.php\/wp-json\/wp\/v2\/types\/page"}],"author":[{"embeddable":true,"href":"https:\/\/sesaepco.afrimvoe.net\/index.php\/wp-json\/wp\/v2\/users\/1"}],"replies":[{"embeddable":true,"href":"https:\/\/sesaepco.afrimvoe.net\/index.php\/wp-json\/wp\/v2\/comments?post=41"}],"version-history":[{"count":3,"href":"https:\/\/sesaepco.afrimvoe.net\/index.php\/wp-json\/wp\/v2\/pages\/41\/revisions"}],"predecessor-version":[{"id":166,"href":"https:\/\/sesaepco.afrimvoe.net\/index.php\/wp-json\/wp\/v2\/pages\/41\/revisions\/166"}],"wp:attachment":[{"href":"https:\/\/sesaepco.afrimvoe.net\/index.php\/wp-json\/wp\/v2\/media?parent=41"}],"curies":[{"name":"wp","href":"https:\/\/api.w.org\/{rel}","templated":true}]}}